{"id":19,"date":"2025-08-29T21:17:05","date_gmt":"2025-08-29T18:17:05","guid":{"rendered":"https:\/\/www.liljalunden.fi\/?page_id=19"},"modified":"2026-03-17T16:42:56","modified_gmt":"2026-03-17T14:42:56","slug":"etusivu","status":"publish","type":"page","link":"https:\/\/www.liljalunden.fi\/","title":{"rendered":"Etusivu"},"content":{"rendered":"\t\t<div data-elementor-type=\"wp-page\" data-elementor-id=\"19\" class=\"elementor elementor-19\">\n\t\t\t\t<div class=\"elementor-element elementor-element-8e6e71d e-flex e-con-boxed e-con e-parent\" data-id=\"8e6e71d\" data-element_type=\"container\" data-e-type=\"container\">\n\t\t\t\t\t<div class=\"e-con-inner\">\n\t\t\t\t<div class=\"elementor-element elementor-element-4d40f49 elementor-widget elementor-widget-spacer\" data-id=\"4d40f49\" data-element_type=\"widget\" data-e-type=\"widget\" data-widget_type=\"spacer.default\">\n\t\t\t\t\t\t\t<div class=\"elementor-spacer\">\n\t\t\t<div class=\"elementor-spacer-inner\"><\/div>\n\t\t<\/div>\n\t\t\t\t\t\t<\/div>\n\t\t\t\t<div class=\"elementor-element elementor-element-0df930f elementor-hidden-tablet elementor-hidden-mobile elementor-shape-rounded elementor-grid-0 e-grid-align-center elementor-invisible elementor-widget elementor-widget-social-icons\" data-id=\"0df930f\" data-element_type=\"widget\" data-e-type=\"widget\" data-settings=\"{&quot;_animation&quot;:&quot;fadeIn&quot;}\" data-widget_type=\"social-icons.default\">\n\t\t\t\t\t\t\t<div class=\"elementor-social-icons-wrapper elementor-grid\" role=\"list\">\n\t\t\t\t\t\t\t<span class=\"elementor-grid-item\" role=\"listitem\">\n\t\t\t\t\t<a class=\"elementor-icon elementor-social-icon elementor-social-icon-spotify elementor-repeater-item-c201d67\" href=\"https:\/\/open.spotify.com\/artist\/0wNcJZGfhunx6ws14pNya1?si=CMjX8wPeRAiSk0iddlgnDg\" target=\"_blank\">\n\t\t\t\t\t\t<span class=\"elementor-screen-only\">Spotify<\/span>\n\t\t\t\t\t\t<svg aria-hidden=\"true\" class=\"e-font-icon-svg e-fab-spotify\" viewBox=\"0 0 496 512\" xmlns=\"http:\/\/www.w3.org\/2000\/svg\"><path d=\"M248 8C111.1 8 0 119.1 0 256s111.1 248 248 248 248-111.1 248-248S384.9 8 248 8zm100.7 364.9c-4.2 0-6.8-1.3-10.7-3.6-62.4-37.6-135-39.2-206.7-24.5-3.9 1-9 2.6-11.9 2.6-9.7 0-15.8-7.7-15.8-15.8 0-10.3 6.1-15.2 13.6-16.8 81.9-18.1 165.6-16.5 237 26.2 6.1 3.9 9.7 7.4 9.7 16.5s-7.1 15.4-15.2 15.4zm26.9-65.6c-5.2 0-8.7-2.3-12.3-4.2-62.5-37-155.7-51.9-238.6-29.4-4.8 1.3-7.4 2.6-11.9 2.6-10.7 0-19.4-8.7-19.4-19.4s5.2-17.8 15.5-20.7c27.8-7.8 56.2-13.6 97.8-13.6 64.9 0 127.6 16.1 177 45.5 8.1 4.8 11.3 11 11.3 19.7-.1 10.8-8.5 19.5-19.4 19.5zm31-76.2c-5.2 0-8.4-1.3-12.9-3.9-71.2-42.5-198.5-52.7-280.9-29.7-3.6 1-8.1 2.6-12.9 2.6-13.2 0-23.3-10.3-23.3-23.6 0-13.6 8.4-21.3 17.4-23.9 35.2-10.3 74.6-15.2 117.5-15.2 73 0 149.5 15.2 205.4 47.8 7.8 4.5 12.9 10.7 12.9 22.6 0 13.6-11 23.3-23.2 23.3z\"><\/path><\/svg>\t\t\t\t\t<\/a>\n\t\t\t\t<\/span>\n\t\t\t\t\t\t\t<span class=\"elementor-grid-item\" role=\"listitem\">\n\t\t\t\t\t<a class=\"elementor-icon elementor-social-icon elementor-social-icon-instagram elementor-repeater-item-d48deca\" href=\"http:\/\/www.instagram.com\/liljalunden\" target=\"_blank\">\n\t\t\t\t\t\t<span class=\"elementor-screen-only\">Instagram<\/span>\n\t\t\t\t\t\t<svg aria-hidden=\"true\" class=\"e-font-icon-svg e-fab-instagram\" viewBox=\"0 0 448 512\" xmlns=\"http:\/\/www.w3.org\/2000\/svg\"><path d=\"M224.1 141c-63.6 0-114.9 51.3-114.9 114.9s51.3 114.9 114.9 114.9S339 319.5 339 255.9 287.7 141 224.1 141zm0 189.6c-41.1 0-74.7-33.5-74.7-74.7s33.5-74.7 74.7-74.7 74.7 33.5 74.7 74.7-33.6 74.7-74.7 74.7zm146.4-194.3c0 14.9-12 26.8-26.8 26.8-14.9 0-26.8-12-26.8-26.8s12-26.8 26.8-26.8 26.8 12 26.8 26.8zm76.1 27.2c-1.7-35.9-9.9-67.7-36.2-93.9-26.2-26.2-58-34.4-93.9-36.2-37-2.1-147.9-2.1-184.9 0-35.8 1.7-67.6 9.9-93.9 36.1s-34.4 58-36.2 93.9c-2.1 37-2.1 147.9 0 184.9 1.7 35.9 9.9 67.7 36.2 93.9s58 34.4 93.9 36.2c37 2.1 147.9 2.1 184.9 0 35.9-1.7 67.7-9.9 93.9-36.2 26.2-26.2 34.4-58 36.2-93.9 2.1-37 2.1-147.8 0-184.8zM398.8 388c-7.8 19.6-22.9 34.7-42.6 42.6-29.5 11.7-99.5 9-132.1 9s-102.7 2.6-132.1-9c-19.6-7.8-34.7-22.9-42.6-42.6-11.7-29.5-9-99.5-9-132.1s-2.6-102.7 9-132.1c7.8-19.6 22.9-34.7 42.6-42.6 29.5-11.7 99.5-9 132.1-9s102.7-2.6 132.1 9c19.6 7.8 34.7 22.9 42.6 42.6 11.7 29.5 9 99.5 9 132.1s2.7 102.7-9 132.1z\"><\/path><\/svg>\t\t\t\t\t<\/a>\n\t\t\t\t<\/span>\n\t\t\t\t\t\t\t<span class=\"elementor-grid-item\" role=\"listitem\">\n\t\t\t\t\t<a class=\"elementor-icon elementor-social-icon elementor-social-icon-tiktok elementor-repeater-item-662349f\" href=\"http:\/\/www.tiktok.com\/@liljalunden\" target=\"_blank\">\n\t\t\t\t\t\t<span class=\"elementor-screen-only\">Tiktok<\/span>\n\t\t\t\t\t\t<svg aria-hidden=\"true\" class=\"e-font-icon-svg e-fab-tiktok\" viewBox=\"0 0 448 512\" xmlns=\"http:\/\/www.w3.org\/2000\/svg\"><path d=\"M448,209.91a210.06,210.06,0,0,1-122.77-39.25V349.38A162.55,162.55,0,1,1,185,188.31V278.2a74.62,74.62,0,1,0,52.23,71.18V0l88,0a121.18,121.18,0,0,0,1.86,22.17h0A122.18,122.18,0,0,0,381,102.39a121.43,121.43,0,0,0,67,20.14Z\"><\/path><\/svg>\t\t\t\t\t<\/a>\n\t\t\t\t<\/span>\n\t\t\t\t\t<\/div>\n\t\t\t\t\t\t<\/div>\n\t\t\t\t<div class=\"elementor-element elementor-element-ef29380 animated-slow elementor-invisible elementor-widget elementor-widget-image\" data-id=\"ef29380\" data-element_type=\"widget\" data-e-type=\"widget\" data-settings=\"{&quot;_animation&quot;:&quot;fadeIn&quot;}\" data-widget_type=\"image.default\">\n\t\t\t\t\t\t\t\t\t\t\t\t\t\t\t<img decoding=\"async\" src=\"https:\/\/www.liljalunden.fi\/wp-content\/uploads\/2025\/08\/LL_black-3.png\" class=\"attachment-full size-full wp-image-21\" alt=\"\" \/>\t\t\t\t\t\t\t\t\t\t\t\t\t\t\t<\/div>\n\t\t\t\t<div class=\"elementor-element elementor-element-20eee7d elementor-widget elementor-widget-spacer\" data-id=\"20eee7d\" data-element_type=\"widget\" data-e-type=\"widget\" data-widget_type=\"spacer.default\">\n\t\t\t\t\t\t\t<div class=\"elementor-spacer\">\n\t\t\t<div class=\"elementor-spacer-inner\"><\/div>\n\t\t<\/div>\n\t\t\t\t\t\t<\/div>\n\t\t\t\t\t<\/div>\n\t\t\t\t<\/div>\n\t\t<div class=\"elementor-element elementor-element-6b77b26 e-flex e-con-boxed e-con e-parent\" data-id=\"6b77b26\" data-element_type=\"container\" data-e-type=\"container\">\n\t\t\t\t\t<div class=\"e-con-inner\">\n\t\t\t\t<div class=\"elementor-element elementor-element-6418ace elementor-invisible elementor-widget elementor-widget-image\" data-id=\"6418ace\" data-element_type=\"widget\" data-e-type=\"widget\" data-settings=\"{&quot;_animation&quot;:&quot;fadeIn&quot;}\" data-widget_type=\"image.default\">\n\t\t\t\t\t\t\t\t\t\t\t\t\t\t\t<img fetchpriority=\"high\" decoding=\"async\" width=\"1024\" height=\"683\" src=\"https:\/\/www.liljalunden.fi\/wp-content\/uploads\/2026\/03\/LILJA-LUNDEN-VIESTI-SUN-NYKYISELLE-PROMO-4.2-2-1024x683.jpg\" class=\"attachment-large size-large wp-image-211\" alt=\"\" srcset=\"https:\/\/www.liljalunden.fi\/wp-content\/uploads\/2026\/03\/LILJA-LUNDEN-VIESTI-SUN-NYKYISELLE-PROMO-4.2-2-1024x683.jpg 1024w, https:\/\/www.liljalunden.fi\/wp-content\/uploads\/2026\/03\/LILJA-LUNDEN-VIESTI-SUN-NYKYISELLE-PROMO-4.2-2-300x200.jpg 300w, https:\/\/www.liljalunden.fi\/wp-content\/uploads\/2026\/03\/LILJA-LUNDEN-VIESTI-SUN-NYKYISELLE-PROMO-4.2-2-768x512.jpg 768w\" sizes=\"(max-width: 1024px) 100vw, 1024px\" \/>\t\t\t\t\t\t\t\t\t\t\t\t\t\t\t<\/div>\n\t\t\t\t<div class=\"elementor-element elementor-element-e64eb00 elementor-widget elementor-widget-heading\" data-id=\"e64eb00\" data-element_type=\"widget\" data-e-type=\"widget\" data-widget_type=\"heading.default\">\n\t\t\t\t\t<h2 class=\"elementor-heading-title elementor-size-default\">JUORUILEVAA POPPIA<\/h2>\t\t\t\t<\/div>\n\t\t\t\t<div class=\"elementor-element elementor-element-efe00a4 elementor-widget elementor-widget-text-editor\" data-id=\"efe00a4\" data-element_type=\"widget\" data-e-type=\"widget\" data-widget_type=\"text-editor.default\">\n\t\t\t\t\t\t\t\t\t<p class=\"s19\"><span class=\"s18\">Poptulokas Lilja\u00a0<\/span><span class=\"s18\">Lund\u00e9n<\/span><span class=\"s18\">in<\/span><span class=\"s18\"> musiikin tunnusmerkkein\u00e4 ovat omaleimaiset lyriikat, koukuttavat melodiat ja kyky paisuttaa pienetkin kokemukse<\/span><span class=\"s18\">t<\/span><span class=\"s18\"> stadionin kokoisiksi pop-kappaleiksi. Laulaja-lauluntekij\u00e4n artistiuden ytimess\u00e4 on oma kirjoittajuus ja tekstill\u00e4 leikittely. Lund\u00e9nin taiteessa painavankin aiheen \u00e4\u00e4ress\u00e4 uskalletaan sanoa asiat itseironisella keveydell\u00e4.\u00a0<br \/><br \/>Lilja Lund\u00e9n allekirjoitti levytyssopimuksen Sony Music Finlandille ja debytoi syksyll\u00e4 2025. <\/span><span class=\"s18\">Debyyttisingle<\/span><span class=\"s18\"> \u201d<a href=\"https:\/\/open.spotify.com\/track\/0jhZVlFVXujSG79Mr3H8FT?si=afd3c4d24d5a481e\">Syd\u00e4nsuruvirasto<\/a>\u201d k\u00e4ynnisti <\/span><span class=\"s18\">Lund\u00e9nin<\/span><span class=\"s18\"> uran vauhdilla p\u00e4\u00e4tyen tuhansiin <\/span><span class=\"s18\">TikTok<\/span><span class=\"s18\">-videoihin ja radiosoittoon mm. <\/span><span class=\"s18\">YleX:n<\/span><span class=\"s18\"> viralliselle soittolistalle.<\/span><span class=\"s18\"> My\u00f6s kakkossingle \u201d<a href=\"https:\/\/open.spotify.com\/track\/6CHIwiS5DLPJWNsAYUObaG?si=e2ac943426be4a73\">Mit\u00e4 jos<\/a>\u201d nousi <\/span><span class=\"s18\">YleX:n<\/span><span class=\"s18\"> soittolistalle.\u00a0<\/span><span class=\"s18\">YleX\u00a0<\/span><span class=\"s18\">valitsi <\/span><span class=\"s18\">Lund\u00e9nin<\/span><span class=\"s18\"> alkuvuodesta tulevaisuuden t\u00e4hti\u00e4 ennustavalle <a href=\"https:\/\/yle.fi\/a\/74-20207270\">L\u00e4pimurto 2026<\/a> -listalle.<\/span><\/p><p class=\"s19\">Ter\u00e4v\u00e4kyn\u00e4inen artisti kirjoittaa musiikkia my\u00f6s muille: H\u00e4n solmi housewriter-sopimuksen Elements Musicin kanssa alkuvuodesta 2026.\u00a0<\/p>\t\t\t\t\t\t\t\t<\/div>\n\t\t\t\t<div class=\"elementor-element elementor-element-3b0a086 elementor-invisible elementor-widget elementor-widget-image\" data-id=\"3b0a086\" data-element_type=\"widget\" data-e-type=\"widget\" data-settings=\"{&quot;_animation&quot;:&quot;fadeIn&quot;}\" data-widget_type=\"image.default\">\n\t\t\t\t\t\t\t\t\t\t\t\t\t\t\t<img decoding=\"async\" width=\"1024\" height=\"683\" src=\"https:\/\/www.liljalunden.fi\/wp-content\/uploads\/2026\/03\/LILJA-LUNDEN-VIESTI-SUN-NYKYISELLE-PROMO-2.1-2-1024x683.jpg\" class=\"attachment-large size-large wp-image-206\" alt=\"\" srcset=\"https:\/\/www.liljalunden.fi\/wp-content\/uploads\/2026\/03\/LILJA-LUNDEN-VIESTI-SUN-NYKYISELLE-PROMO-2.1-2-1024x683.jpg 1024w, https:\/\/www.liljalunden.fi\/wp-content\/uploads\/2026\/03\/LILJA-LUNDEN-VIESTI-SUN-NYKYISELLE-PROMO-2.1-2-300x200.jpg 300w, https:\/\/www.liljalunden.fi\/wp-content\/uploads\/2026\/03\/LILJA-LUNDEN-VIESTI-SUN-NYKYISELLE-PROMO-2.1-2-768x512.jpg 768w\" sizes=\"(max-width: 1024px) 100vw, 1024px\" \/>\t\t\t\t\t\t\t\t\t\t\t\t\t\t\t<\/div>\n\t\t\t\t\t<\/div>\n\t\t\t\t<\/div>\n\t\t<div class=\"elementor-element elementor-element-92c9c59 e-flex e-con-boxed e-con e-parent\" data-id=\"92c9c59\" data-element_type=\"container\" data-e-type=\"container\">\n\t\t\t\t\t<div class=\"e-con-inner\">\n\t\t\t\t<div class=\"elementor-element elementor-element-d38a2b7 elementor-widget elementor-widget-heading\" data-id=\"d38a2b7\" data-element_type=\"widget\" data-e-type=\"widget\" data-widget_type=\"heading.default\">\n\t\t\t\t\t<h2 class=\"elementor-heading-title elementor-size-default\">MUSIIKKI<\/h2>\t\t\t\t<\/div>\n\t\t\t\t<div class=\"elementor-element elementor-element-2946f8d elementor-invisible elementor-widget elementor-widget-html\" data-id=\"2946f8d\" data-element_type=\"widget\" data-e-type=\"widget\" data-settings=\"{&quot;_animation&quot;:&quot;fadeIn&quot;}\" data-widget_type=\"html.default\">\n\t\t\t\t\t<!-- Simple Spotify embed -->\n<iframe src=\"https:\/\/open.spotify.com\/embed\/track\/0jhZVlFVXujSG79Mr3H8FT\"\n        width=\"300\" height=\"380\" frameborder=\"0\" allowtransparency=\"true\" allow=\"encrypted-media\">\n<\/iframe>\t\t\t\t<\/div>\n\t\t\t\t<div class=\"elementor-element elementor-element-b099e59 elementor-invisible elementor-widget elementor-widget-html\" data-id=\"b099e59\" data-element_type=\"widget\" data-e-type=\"widget\" data-settings=\"{&quot;_animation&quot;:&quot;fadeIn&quot;}\" data-widget_type=\"html.default\">\n\t\t\t\t\t<iframe data-testid=\"embed-iframe\" style=\"border-radius:12px\" src=\"https:\/\/open.spotify.com\/embed\/track\/6CHIwiS5DLPJWNsAYUObaG?utm_source=generator\" width=\"100%\" height=\"352\" frameBorder=\"0\" allowfullscreen=\"\" allow=\"autoplay; clipboard-write; encrypted-media; fullscreen; picture-in-picture\" loading=\"lazy\"><\/iframe>\t\t\t\t<\/div>\n\t\t\t\t<div class=\"elementor-element elementor-element-b5687ce elementor-invisible elementor-widget elementor-widget-html\" data-id=\"b5687ce\" data-element_type=\"widget\" data-e-type=\"widget\" data-settings=\"{&quot;_animation&quot;:&quot;fadeIn&quot;}\" data-widget_type=\"html.default\">\n\t\t\t\t\t<iframe data-testid=\"embed-iframe\" style=\"border-radius:12px\" src=\"https:\/\/open.spotify.com\/embed\/track\/7KASd6otM3G4S6OjBi8EFZ?utm_source=generator\" width=\"100%\" height=\"352\" frameBorder=\"0\" allowfullscreen=\"\" allow=\"autoplay; clipboard-write; encrypted-media; fullscreen; picture-in-picture\" loading=\"lazy\"><\/iframe>\t\t\t\t<\/div>\n\t\t\t\t<div class=\"elementor-element elementor-element-f41d589 elementor-invisible elementor-widget elementor-widget-image\" data-id=\"f41d589\" data-element_type=\"widget\" data-e-type=\"widget\" data-settings=\"{&quot;_animation&quot;:&quot;fadeIn&quot;}\" data-widget_type=\"image.default\">\n\t\t\t\t\t\t\t\t\t\t\t\t\t\t\t<img decoding=\"async\" width=\"819\" height=\"1024\" src=\"https:\/\/www.liljalunden.fi\/wp-content\/uploads\/2026\/03\/IMG_4506-819x1024.jpg\" class=\"attachment-large size-large wp-image-219\" alt=\"\" srcset=\"https:\/\/www.liljalunden.fi\/wp-content\/uploads\/2026\/03\/IMG_4506-819x1024.jpg 819w, https:\/\/www.liljalunden.fi\/wp-content\/uploads\/2026\/03\/IMG_4506-240x300.jpg 240w, https:\/\/www.liljalunden.fi\/wp-content\/uploads\/2026\/03\/IMG_4506-768x960.jpg 768w, https:\/\/www.liljalunden.fi\/wp-content\/uploads\/2026\/03\/IMG_4506-1229x1536.jpg 1229w, https:\/\/www.liljalunden.fi\/wp-content\/uploads\/2026\/03\/IMG_4506-1638x2048.jpg 1638w, https:\/\/www.liljalunden.fi\/wp-content\/uploads\/2026\/03\/IMG_4506-scaled.jpg 2048w\" sizes=\"(max-width: 819px) 100vw, 819px\" \/>\t\t\t\t\t\t\t\t\t\t\t\t\t\t\t<\/div>\n\t\t\t\t<div class=\"elementor-element elementor-element-7a8578e elementor-widget elementor-widget-heading\" data-id=\"7a8578e\" data-element_type=\"widget\" data-e-type=\"widget\" data-widget_type=\"heading.default\">\n\t\t\t\t\t<h2 class=\"elementor-heading-title elementor-size-default\">CONTACT<\/h2>\t\t\t\t<\/div>\n\t\t\t\t<div class=\"elementor-element elementor-element-07c4f4a elementor-invisible elementor-widget elementor-widget-text-editor\" data-id=\"07c4f4a\" data-element_type=\"widget\" data-e-type=\"widget\" data-settings=\"{&quot;_animation&quot;:&quot;headShake&quot;}\" data-widget_type=\"text-editor.default\">\n\t\t\t\t\t\t\t\t\t<p class=\"s19\">Yhteydenotot ja haastattelupyynn\u00f6t:<br \/>tommi.saarikoski(at)sonymusic.com<\/p>\t\t\t\t\t\t\t\t<\/div>\n\t\t\t\t\t<\/div>\n\t\t\t\t<\/div>\n\t\t<div class=\"elementor-element elementor-element-7c1cebe e-flex e-con-boxed e-con e-parent\" data-id=\"7c1cebe\" data-element_type=\"container\" data-e-type=\"container\">\n\t\t\t\t\t<div class=\"e-con-inner\">\n\t\t\t\t<div class=\"elementor-element elementor-element-0e42a0b elementor-widget elementor-widget-spacer\" data-id=\"0e42a0b\" data-element_type=\"widget\" data-e-type=\"widget\" data-widget_type=\"spacer.default\">\n\t\t\t\t\t\t\t<div class=\"elementor-spacer\">\n\t\t\t<div class=\"elementor-spacer-inner\"><\/div>\n\t\t<\/div>\n\t\t\t\t\t\t<\/div>\n\t\t\t\t\t<\/div>\n\t\t\t\t<\/div>\n\t\t\t\t<\/div>\n\t\t","protected":false},"excerpt":{"rendered":"<p>Spotify Instagram Tiktok JUORUILEVAA POPPIA Poptulokas Lilja\u00a0Lund\u00e9nin musiikin tunnusmerkkein\u00e4 ovat omaleimaiset lyriikat, koukuttavat melodiat ja kyky paisuttaa pienetkin kokemukset stadionin [&hellip;]<\/p>\n","protected":false},"author":1,"featured_media":0,"parent":0,"menu_order":0,"comment_status":"closed","ping_status":"closed","template":"","meta":{"site-sidebar-layout":"no-sidebar","site-content-layout":"","ast-site-content-layout":"full-width-container","site-content-style":"default","site-sidebar-style":"default","ast-global-header-display":"","ast-banner-title-visibility":"","ast-main-header-display":"disabled","ast-hfb-above-header-display":"","ast-hfb-below-header-display":"","ast-hfb-mobile-header-display":"","site-post-title":"","ast-breadcrumbs-content":"","ast-featured-img":"disabled","footer-sml-layout":"","ast-disable-related-posts":"","theme-transparent-header-meta":"disabled","adv-header-id-meta":"","stick-header-meta":"","header-above-stick-meta":"","header-main-stick-meta":"","header-below-stick-meta":"","astra-migrate-meta-layouts":"default","ast-page-background-enabled":"default","ast-page-background-meta":{"desktop":{"background-color":"var(--ast-global-color-5)","background-image":"","background-repeat":"repeat","background-position":"center center","background-size":"auto","background-attachment":"scroll","background-type":"","background-media":"","overlay-type":"","overlay-color":"","overlay-opacity":"","overlay-gradient":""},"tablet":{"background-color":"","background-image":"","background-repeat":"repeat","background-position":"center center","background-size":"auto","background-attachment":"scroll","background-type":"","background-media":"","overlay-type":"","overlay-color":"","overlay-opacity":"","overlay-gradient":""},"mobile":{"background-color":"","background-image":"","background-repeat":"repeat","background-position":"center center","background-size":"auto","background-attachment":"scroll","background-type":"","background-media":"","overlay-type":"","overlay-color":"","overlay-opacity":"","overlay-gradient":""}},"ast-content-background-meta":{"desktop":{"background-color":"var(--ast-global-color-4)","background-image":"","background-repeat":"repeat","background-position":"center center","background-size":"auto","background-attachment":"scroll","background-type":"","background-media":"","overlay-type":"","overlay-color":"","overlay-opacity":"","overlay-gradient":""},"tablet":{"background-color":"var(--ast-global-color-4)","background-image":"","background-repeat":"repeat","background-position":"center center","background-size":"auto","background-attachment":"scroll","background-type":"","background-media":"","overlay-type":"","overlay-color":"","overlay-opacity":"","overlay-gradient":""},"mobile":{"background-color":"var(--ast-global-color-4)","background-image":"","background-repeat":"repeat","background-position":"center center","background-size":"auto","background-attachment":"scroll","background-type":"","background-media":"","overlay-type":"","overlay-color":"","overlay-opacity":"","overlay-gradient":""}},"footnotes":""},"class_list":["post-19","page","type-page","status-publish","hentry"],"_links":{"self":[{"href":"https:\/\/www.liljalunden.fi\/index.php\/wp-json\/wp\/v2\/pages\/19","targetHints":{"allow":["GET"]}}],"collection":[{"href":"https:\/\/www.liljalunden.fi\/index.php\/wp-json\/wp\/v2\/pages"}],"about":[{"href":"https:\/\/www.liljalunden.fi\/index.php\/wp-json\/wp\/v2\/types\/page"}],"author":[{"embeddable":true,"href":"https:\/\/www.liljalunden.fi\/index.php\/wp-json\/wp\/v2\/users\/1"}],"replies":[{"embeddable":true,"href":"https:\/\/www.liljalunden.fi\/index.php\/wp-json\/wp\/v2\/comments?post=19"}],"version-history":[{"count":167,"href":"https:\/\/www.liljalunden.fi\/index.php\/wp-json\/wp\/v2\/pages\/19\/revisions"}],"predecessor-version":[{"id":251,"href":"https:\/\/www.liljalunden.fi\/index.php\/wp-json\/wp\/v2\/pages\/19\/revisions\/251"}],"wp:attachment":[{"href":"https:\/\/www.liljalunden.fi\/index.php\/wp-json\/wp\/v2\/media?parent=19"}],"curies":[{"name":"wp","href":"https:\/\/api.w.org\/{rel}","templated":true}]}}